{"id":8,"date":"2025-03-25T17:55:47","date_gmt":"2025-03-25T17:55:47","guid":{"rendered":"https:\/\/www.verhoilupalvelu.fi\/?page_id=8"},"modified":"2025-03-25T18:01:32","modified_gmt":"2025-03-25T18:01:32","slug":"olemme-lomalla","status":"publish","type":"page","link":"http:\/\/www.verhoilupalvelu.fi\/index.php\/olemme-lomalla\/","title":{"rendered":"Olemme lomalla!"},"content":{"rendered":"<div id=\"sp-page\" class=\"spBgfullbottom sp-content-4\" style=\"background-color: rgb(31, 107, 131); background-image: linear-gradient(0deg, rgba(0, 0, 0, 0.05), rgba(0, 0, 0, 0.05)), url('https:\/\/assets.seedprod.com\/1821-ZGaDcg3f0PwBj5Tx.jpg') !important; font-family: Open Sans, sans-serif; font-weight: 400;\">\n<section id=\"sp-ks8a8s\" data-mobile-visibility=\"#sp-ks8a8s|false\" data-tablet-visibility=\"#sp-ks8a8s|false\" data-desktop-visibility=\"#sp-ks8a8s|false\" data-mobile-css=\"\" data-tablet-css=\"\" class=\"sp-el-section \" style=\"width: 490px; max-width: 100%; padding: 10px;\">\n<div id=\"sp-vw3kvy\" data-mobile-visibility=\"#sp-vw3kvy|false\" data-tablet-visibility=\"#sp-vw3kvy|false\" data-desktop-visibility=\"#sp-vw3kvy|false\" data-mobile-css=\"\" data-tablet-css=\"\" class=\"sp-el-row sp-w-full  sp-m-auto sm:sp-flex sp-justify-between\" style=\"padding: 0px; width: auto; max-width: 1000px;\">\n<div id=\"sp-ovbx1s\" data-mobile-visibility=\"#sp-ovbx1s|false\" data-tablet-visibility=\"#sp-ovbx1s|false\" data-desktop-visibility=\"#sp-ovbx1s|false\" data-mobile-css=\"\" data-tablet-css=\"\" class=\"sp-el-col  sp-w-full\" style=\"width: calc(100% - 0px);\">\n<div id=\"sp-jknss8\" data-mobile-css=\"#sp-jknss8|height:40px;\" data-tablet-css=\"#sp-jknss8|height:10px;\" class=\"sp-spacer\" style=\"height: 39px;\"><\/div>\n<p><span href=\"\" target=\"\" rel=\"\" class=\"sp-header-block-link\" style=\"text-decoration: none;\"><\/p>\n<h1 id=\"sp-y0sc75\" data-mobile-css=\".sp-headline-block-y0sc75, #sp-y0sc75, #y0sc75|text-align:center;\" data-tablet-css=\".sp-headline-block-y0sc75, #sp-y0sc75, #y0sc75|text-align:center;\" data-mobile-visibility=\".sp-headline-block-y0sc75|false\" data-tablet-visibility=\".sp-headline-block-y0sc75|false\" data-desktop-visibility=\".sp-headline-block-y0sc75|false\" class=\"sp-css-target sp-el-block sp-headline-block-y0sc75 sp-type-header\" style=\"font-size: 54px; text-align: center; margin: 0px;\">Olemme lomalla!<\/h1>\n<p><\/span><\/p>\n<div id=\"sp-p7ef8k\" data-mobile-css=\".sp-text-wrapper-p7ef8k, #sp-p7ef8k, #p7ef8k|text-align:left;\" data-tablet-css=\".sp-text-wrapper-p7ef8k, #sp-p7ef8k, #p7ef8k|text-align:left;\" data-mobile-visibility=\".sp-text-wrapper-p7ef8k|false\" data-tablet-visibility=\".sp-text-wrapper-p7ef8k|false\" data-desktop-visibility=\".sp-text-wrapper-p7ef8k|false\" class=\"sp-css-target sp-text-wrapper sp-el-block sp-text-wrapper-p7ef8k\" style=\"font-size: 18px; margin: 0px; text-align: center;\">\n<p>Yhteydenotot s\u00e4hk\u00f6postilla os.<\/p>\n<p>info (a) verhoilupalvelu.fi.<\/p>\n<p>&nbsp;<\/p>\n<p>&nbsp;<\/p>\n<\/div>\n<div id=\"sp-d4et4f\" data-mobile-css=\"#sp-d4et4f|height:40px;\" data-tablet-css=\"#sp-d4et4f|height:10px;\" class=\"sp-spacer\" style=\"height: 60px;\"><\/div>\n<div id=\"sp-button-parent-q09cvl\" data-mobile-css=\"#sp-button-parent-q09cvl|text-align:center;\" data-tablet-css=\"#sp-button-parent-q09cvl|text-align:center;\" class=\"sp-button-wrapper sp-el-block\" style=\"margin: 0px; text-align: center;\"><a href=\"mailto:info@verhoilupalvelu.fi\" id=\"sp-q09cvl\" data-mobile-css=\"\" data-tablet-css=\"\" data-mobile-visibility=\".sp-button-q09cvl|false\" data-tablet-visibility=\".sp-button-q09cvl|false\" data-desktop-visibility=\".sp-button-q09cvl|false\" target=\"\" rel=\"\" class=\"sp-button sp-css-target sp-text-center sp-inline-block sp-leading-none sp-button-q09cvl\" style=\"font-size: 18px; font-weight: 600; font-style: normal; background: linear-gradient(-180deg, rgb(238, 51, 51), rgb(234, 19, 19) 90%); color: rgb(255, 255, 255); width: auto; padding: 12px 16px; border-radius: 4px; box-shadow: rgba(255, 255, 255, 0.2) 0px 1px 0px inset;\"><i class=\"sp-mr-2 fas fa-envelope\"><\/i><span style=\"font-family: 'Dosis';\">L\u00e4het\u00e4 viesti<\/span><\/a><\/div>\n<\/div>\n<\/div>\n<\/section>\n<\/div>\n","protected":false},"excerpt":{"rendered":"<p>Olemme lomalla! Yhteydenotot s\u00e4hk\u00f6postilla os. info (a) verhoilupalvelu.fi. &nbsp; &nbsp; L\u00e4het\u00e4 viesti<\/p>\n","protected":false},"author":1,"featured_media":0,"parent":0,"menu_order":0,"comment_status":"closed","ping_status":"closed","template":"","meta":{"_monsterinsights_skip_tracking":false,"_monsterinsights_sitenote_active":false,"_monsterinsights_sitenote_note":"","_monsterinsights_sitenote_category":0,"footnotes":""},"class_list":["post-8","page","type-page","status-publish","hentry"],"aioseo_notices":[],"_links":{"self":[{"href":"http:\/\/www.verhoilupalvelu.fi\/index.php\/wp-json\/wp\/v2\/pages\/8","targetHints":{"allow":["GET"]}}],"collection":[{"href":"http:\/\/www.verhoilupalvelu.fi\/index.php\/wp-json\/wp\/v2\/pages"}],"about":[{"href":"http:\/\/www.verhoilupalvelu.fi\/index.php\/wp-json\/wp\/v2\/types\/page"}],"author":[{"embeddable":true,"href":"http:\/\/www.verhoilupalvelu.fi\/index.php\/wp-json\/wp\/v2\/users\/1"}],"replies":[{"embeddable":true,"href":"http:\/\/www.verhoilupalvelu.fi\/index.php\/wp-json\/wp\/v2\/comments?post=8"}],"version-history":[{"count":5,"href":"http:\/\/www.verhoilupalvelu.fi\/index.php\/wp-json\/wp\/v2\/pages\/8\/revisions"}],"predecessor-version":[{"id":15,"href":"http:\/\/www.verhoilupalvelu.fi\/index.php\/wp-json\/wp\/v2\/pages\/8\/revisions\/15"}],"wp:attachment":[{"href":"http:\/\/www.verhoilupalvelu.fi\/index.php\/wp-json\/wp\/v2\/media?parent=8"}],"curies":[{"name":"wp","href":"https:\/\/api.w.org\/{rel}","templated":true}]}}